{"id":749,"date":"2026-02-12T11:28:58","date_gmt":"2026-02-12T11:28:58","guid":{"rendered":"https:\/\/myygimeistrid.ee\/?post_type=product&#038;p=749"},"modified":"2026-03-08T21:46:42","modified_gmt":"2026-03-08T21:46:42","slug":"pole-paha-75-lasku","status":"publish","type":"product","link":"https:\/\/myygimeistrid.ee\/ru\/product\/pole-paha-75-lasku\/","title":{"rendered":"\u041d\u0415\u041f\u041b\u041e\u0425\u041e, 75 \u0412\u042b\u0421\u0422\u0420\u0415\u041b\u041e\u0412"},"content":{"rendered":"<p>\u0420\u0410\u0417\u041c\u0415\u0420\u042b \u0418\u0417\u0414\u0415\u041b\u0418\u042f:<br \/>\nK\u00f5rgus: 32 cm<br \/>\nLaius: 84,5 cm<br \/>\nS\u00fcgavus: 29 cm<br \/>\n\u041e\u043f\u0438\u0441\u0430\u043d\u0438\u0435:<br \/>\nSelle ilutulestiku puhul v\u00f5ime selja sirgu l\u00fc\u00fca ning kinnitada, et t\u00f5epoolest pole paha. Me r\u00e4\u00e4gime ikkagi 75 t\u00e4helillest, mis lendavad lausa 55 meetri k\u00f5rgusele ning pakuvad ilutulestiku gurmaanidele vaatem\u00e4ngu suisa kolmeks minutiks. Pole paha, mis? <\/p>\n<p>T\u00f5siselt suured laengud!!!<\/p>\n<p>\u041a\u0430\u0442\u0435\u0433\u043e\u0440\u0438\u044f: F3<\/p>\n<p>P\u00fcrotehnilise aine kaal tootes. NEQ 2875 g<\/p>\n<p>\u0412\u043e\u0437\u0440\u0430\u0441\u0442\u043d\u043e\u0435 \u043e\u0433\u0440\u0430\u043d\u0438\u0447\u0435\u043d\u0438\u0435: \u043e\u0442 18 \u043b\u0435\u0442.<\/p>\n<p>\u0414\u043b\u044f \u0438\u0441\u043f\u043e\u043b\u044c\u0437\u043e\u0432\u0430\u043d\u0438\u044f \u0434\u0430\u043d\u043d\u043e\u0433\u043e \u043f\u0440\u043e\u0434\u0443\u043a\u0442\u0430 \u043d\u0430 \u043e\u0431\u0449\u0435\u0441\u0442\u0432\u0435\u043d\u043d\u044b\u0445 \u043c\u0435\u0440\u043e\u043f\u0440\u0438\u044f\u0442\u0438\u044f\u0445 \u0442\u0440\u0435\u0431\u0443\u0435\u0442\u0441\u044f \u0440\u0430\u0437\u0440\u0435\u0448\u0435\u043d\u0438\u0435 \u043c\u0435\u0441\u0442\u043d\u044b\u0445 \u043e\u0440\u0433\u0430\u043d\u043e\u0432 \u0432\u043b\u0430\u0441\u0442\u0438.<\/p>","protected":false},"excerpt":{"rendered":"<p>\u0420\u0410\u0417\u041c\u0415\u0420\u042b \u0418\u0417\u0414\u0415\u041b\u0418\u042f:<br \/>\nK\u00f5rgus: 32 cm<br \/>\nLaius: 84,5 cm<br \/>\nS\u00fcgavus: 29 cm<br \/>\n\u041e\u043f\u0438\u0441\u0430\u043d\u0438\u0435:<br \/>\nSelle ilutulestiku puhul v\u00f5ime selja sirgu l\u00fc\u00fca ning kinnitada, et t\u00f5epoolest pole paha. Me r\u00e4\u00e4gime ikkagi 75 t\u00e4helillest, mis lendavad lausa 55 meetri k\u00f5rgusele ning pakuvad ilutulestiku gurmaanidele vaatem\u00e4ngu suisa kolmeks minutiks. Pole paha, mis? <\/p>\n<p>T\u00f5siselt suured laengud!!!<\/p>\n<p>\u041a\u0430\u0442\u0435\u0433\u043e\u0440\u0438\u044f: F3<\/p>\n<p>P\u00fcrotehnilise aine kaal tootes. NEQ 2875 g<\/p>\n<p>\u0412\u043e\u0437\u0440\u0430\u0441\u0442\u043d\u043e\u0435 \u043e\u0433\u0440\u0430\u043d\u0438\u0447\u0435\u043d\u0438\u0435: \u043e\u0442 18 \u043b\u0435\u0442.<\/p>\n<p>\u0414\u043b\u044f \u0438\u0441\u043f\u043e\u043b\u044c\u0437\u043e\u0432\u0430\u043d\u0438\u044f \u0434\u0430\u043d\u043d\u043e\u0433\u043e \u043f\u0440\u043e\u0434\u0443\u043a\u0442\u0430 \u043d\u0430 \u043e\u0431\u0449\u0435\u0441\u0442\u0432\u0435\u043d\u043d\u044b\u0445 \u043c\u0435\u0440\u043e\u043f\u0440\u0438\u044f\u0442\u0438\u044f\u0445 \u0442\u0440\u0435\u0431\u0443\u0435\u0442\u0441\u044f \u0440\u0430\u0437\u0440\u0435\u0448\u0435\u043d\u0438\u0435 \u043c\u0435\u0441\u0442\u043d\u044b\u0445 \u043e\u0440\u0433\u0430\u043d\u043e\u0432 \u0432\u043b\u0430\u0441\u0442\u0438.<\/p>","protected":false},"featured_media":750,"comment_status":"open","ping_status":"closed","template":"","meta":{"_monsterinsights_skip_tracking":false,"_monsterinsights_sitenote_active":false,"_monsterinsights_sitenote_note":"","_monsterinsights_sitenote_category":0},"product_brand":[],"product_cat":[40],"product_tag":[],"class_list":{"0":"post-749","1":"product","2":"type-product","3":"status-publish","4":"has-post-thumbnail","6":"product_cat-patareid-ule-100e","7":"rsfv-has-video","9":"first","10":"instock","11":"shipping-taxable","12":"purchasable","13":"product-type-simple"},"aioseo_notices":[],"_links":{"self":[{"href":"https:\/\/myygimeistrid.ee\/ru\/wp-json\/wp\/v2\/product\/749","targetHints":{"allow":["GET"]}}],"collection":[{"href":"https:\/\/myygimeistrid.ee\/ru\/wp-json\/wp\/v2\/product"}],"about":[{"href":"https:\/\/myygimeistrid.ee\/ru\/wp-json\/wp\/v2\/types\/product"}],"replies":[{"embeddable":true,"href":"https:\/\/myygimeistrid.ee\/ru\/wp-json\/wp\/v2\/comments?post=749"}],"version-history":[{"count":0,"href":"https:\/\/myygimeistrid.ee\/ru\/wp-json\/wp\/v2\/product\/749\/revisions"}],"wp:featuredmedia":[{"embeddable":true,"href":"https:\/\/myygimeistrid.ee\/ru\/wp-json\/wp\/v2\/media\/750"}],"wp:attachment":[{"href":"https:\/\/myygimeistrid.ee\/ru\/wp-json\/wp\/v2\/media?parent=749"}],"wp:term":[{"taxonomy":"product_brand","embeddable":true,"href":"https:\/\/myygimeistrid.ee\/ru\/wp-json\/wp\/v2\/product_brand?post=749"},{"taxonomy":"product_cat","embeddable":true,"href":"https:\/\/myygimeistrid.ee\/ru\/wp-json\/wp\/v2\/product_cat?post=749"},{"taxonomy":"product_tag","embeddable":true,"href":"https:\/\/myygimeistrid.ee\/ru\/wp-json\/wp\/v2\/product_tag?post=749"}],"curies":[{"name":"wp","href":"https:\/\/api.w.org\/{rel}","templated":true}]}}