{"id":685,"date":"2026-02-12T10:49:39","date_gmt":"2026-02-12T10:49:39","guid":{"rendered":"https:\/\/myygimeistrid.ee\/?post_type=product&#038;p=685"},"modified":"2026-03-08T20:56:57","modified_gmt":"2026-03-08T20:56:57","slug":"voimas-saluut-66-lasku","status":"publish","type":"product","link":"https:\/\/myygimeistrid.ee\/ru\/product\/voimas-saluut-66-lasku\/","title":{"rendered":"\u041c\u041e\u0429\u041d\u042b\u0419 \u0421\u0410\u041b\u042e\u0422 66 \u0412\u042b\u0421\u0422\u0420\u0415\u041b\u041e\u0412"},"content":{"rendered":"<p>\u0420\u0410\u0417\u041c\u0415\u0420\u042b \u0418\u0417\u0414\u0415\u041b\u0418\u042f:<br \/>\nK\u00f5rgus: 12,5 cm<br \/>\nLaius: 26,5 cm<br \/>\nS\u00fcgavus: 20 cm<br \/>\n\u041e\u043f\u0438\u0441\u0430\u043d\u0438\u0435:<br \/>\nLennutab taevalaotusse eriveid t\u00e4hepomme, komeete ja v\u00e4rvilisi t\u00e4helilli. 66 erivat lasku t\u00f5usevad kuni 25 meetri k\u00f5rgusele ja kestab ligi 60 sekundit.<\/p>","protected":false},"excerpt":{"rendered":"<p>\u0420\u0410\u0417\u041c\u0415\u0420\u042b \u0418\u0417\u0414\u0415\u041b\u0418\u042f:<br \/>\nK\u00f5rgus: 12,5 cm<br \/>\nLaius: 26,5 cm<br \/>\nS\u00fcgavus: 20 cm<br \/>\n\u041e\u043f\u0438\u0441\u0430\u043d\u0438\u0435:<br \/>\nLennutab taevalaotusse eriveid t\u00e4hepomme, komeete ja v\u00e4rvilisi t\u00e4helilli. 66 erivat lasku t\u00f5usevad kuni 25 meetri k\u00f5rgusele ja kestab ligi 60 sekundit.<\/p>","protected":false},"featured_media":686,"comment_status":"open","ping_status":"closed","template":"","meta":{"_monsterinsights_skip_tracking":false,"_monsterinsights_sitenote_active":false,"_monsterinsights_sitenote_note":"","_monsterinsights_sitenote_category":0},"product_brand":[],"product_cat":[39],"product_tag":[],"class_list":{"0":"post-685","1":"product","2":"type-product","3":"status-publish","4":"has-post-thumbnail","6":"product_cat-patareid-100e","7":"rsfv-has-video","9":"first","10":"instock","11":"shipping-taxable","12":"purchasable","13":"product-type-simple"},"aioseo_notices":[],"_links":{"self":[{"href":"https:\/\/myygimeistrid.ee\/ru\/wp-json\/wp\/v2\/product\/685","targetHints":{"allow":["GET"]}}],"collection":[{"href":"https:\/\/myygimeistrid.ee\/ru\/wp-json\/wp\/v2\/product"}],"about":[{"href":"https:\/\/myygimeistrid.ee\/ru\/wp-json\/wp\/v2\/types\/product"}],"replies":[{"embeddable":true,"href":"https:\/\/myygimeistrid.ee\/ru\/wp-json\/wp\/v2\/comments?post=685"}],"version-history":[{"count":1,"href":"https:\/\/myygimeistrid.ee\/ru\/wp-json\/wp\/v2\/product\/685\/revisions"}],"predecessor-version":[{"id":861,"href":"https:\/\/myygimeistrid.ee\/ru\/wp-json\/wp\/v2\/product\/685\/revisions\/861"}],"wp:featuredmedia":[{"embeddable":true,"href":"https:\/\/myygimeistrid.ee\/ru\/wp-json\/wp\/v2\/media\/686"}],"wp:attachment":[{"href":"https:\/\/myygimeistrid.ee\/ru\/wp-json\/wp\/v2\/media?parent=685"}],"wp:term":[{"taxonomy":"product_brand","embeddable":true,"href":"https:\/\/myygimeistrid.ee\/ru\/wp-json\/wp\/v2\/product_brand?post=685"},{"taxonomy":"product_cat","embeddable":true,"href":"https:\/\/myygimeistrid.ee\/ru\/wp-json\/wp\/v2\/product_cat?post=685"},{"taxonomy":"product_tag","embeddable":true,"href":"https:\/\/myygimeistrid.ee\/ru\/wp-json\/wp\/v2\/product_tag?post=685"}],"curies":[{"name":"wp","href":"https:\/\/api.w.org\/{rel}","templated":true}]}}