{"id":669,"date":"2026-02-12T10:39:02","date_gmt":"2026-02-12T10:39:02","guid":{"rendered":"https:\/\/myygimeistrid.ee\/?post_type=product&#038;p=669"},"modified":"2026-03-08T20:53:53","modified_gmt":"2026-03-08T20:53:53","slug":"kuldne-vihm-25-lasku","status":"publish","type":"product","link":"https:\/\/myygimeistrid.ee\/ru\/product\/kuldne-vihm-25-lasku\/","title":{"rendered":"\u0417\u041e\u041b\u041e\u0422\u041e\u0419 \u0414\u041e\u0416\u0414\u042c 25 \u0412\u042b\u0421\u0422\u0420\u0415\u041b\u041e\u0412"},"content":{"rendered":"<p>\u0420\u0410\u0417\u041c\u0415\u0420\u042b \u0418\u0417\u0414\u0415\u041b\u0418\u042f:<br \/>\n\u0412\u044b\u0441\u043e\u0442\u0430: 17 \u0441\u043c<br \/>\nLaius: 14,5 cm<br \/>\n\u041e\u043f\u0438\u0441\u0430\u043d\u0438\u0435:<br \/>\nKulla p\u00e4rast on vallutatud maid ning raiutud p\u00e4id.  Meie aga pole kadedad ja jagame kulda, mida k\u00f5igi r\u00f5\u00f5muks k\u00e4rtsu ja m\u00fcrtsuga otse taevasse v\u00f5ib laksatada. 25 kuldset t\u00e4hepommi tagavad 45 sekundit kestma imelise kullasaju. Ja olgem ausad, \u201cpuhas kuld\u201d pole kunagi varem nii odav olnud!<br \/>\nKuldsed t\u00e4hepommid katavad kogu vaatev\u00e4lja langeva kuldvihmaga.<br \/>\nKulminatsiooniks avaneb mitu t\u00e4hepommi korraga.<\/p>\n<p>Lennuk\u00f5rgus kuni 30 meetrit.<\/p>\n<p>Kestus 45 sek<\/p>","protected":false},"excerpt":{"rendered":"<p>TOOTE M\u00d5\u00d5DUD: K\u00f5rgus: 17 cm Laius: 14,5 cm Kirjeldus: Kulla p\u00e4rast on vallutatud maid ning raiutud p\u00e4id. Meie aga pole kadedad ja jagame kulda, mida k\u00f5igi r\u00f5\u00f5muks k\u00e4rtsu ja m\u00fcrtsuga otse taevasse v\u00f5ib laksatada. 25 kuldset t\u00e4hepommi tagavad 45 sekundit kestma imelise kullasaju. Ja olgem ausad, \u201cpuhas kuld\u201d pole kunagi varem nii odav olnud! Kuldsed t\u00e4hepommid katavad kogu vaatev\u00e4lja langeva kuldvihmaga. Kulminatsiooniks avaneb mitu t\u00e4hepommi korraga. Lennuk\u00f5rgus kuni 30 meetrit. Kestus 45 sek<\/p>","protected":false},"featured_media":670,"comment_status":"open","ping_status":"closed","template":"","meta":{"_monsterinsights_skip_tracking":false,"_monsterinsights_sitenote_active":false,"_monsterinsights_sitenote_note":"","_monsterinsights_sitenote_category":0},"product_brand":[],"product_cat":[39],"product_tag":[],"class_list":{"0":"post-669","1":"product","2":"type-product","3":"status-publish","4":"has-post-thumbnail","6":"product_cat-patareid-100e","7":"rsfv-has-video","9":"first","10":"instock","11":"shipping-taxable","12":"purchasable","13":"product-type-simple"},"aioseo_notices":[],"_links":{"self":[{"href":"https:\/\/myygimeistrid.ee\/ru\/wp-json\/wp\/v2\/product\/669","targetHints":{"allow":["GET"]}}],"collection":[{"href":"https:\/\/myygimeistrid.ee\/ru\/wp-json\/wp\/v2\/product"}],"about":[{"href":"https:\/\/myygimeistrid.ee\/ru\/wp-json\/wp\/v2\/types\/product"}],"replies":[{"embeddable":true,"href":"https:\/\/myygimeistrid.ee\/ru\/wp-json\/wp\/v2\/comments?post=669"}],"version-history":[{"count":0,"href":"https:\/\/myygimeistrid.ee\/ru\/wp-json\/wp\/v2\/product\/669\/revisions"}],"wp:featuredmedia":[{"embeddable":true,"href":"https:\/\/myygimeistrid.ee\/ru\/wp-json\/wp\/v2\/media\/670"}],"wp:attachment":[{"href":"https:\/\/myygimeistrid.ee\/ru\/wp-json\/wp\/v2\/media?parent=669"}],"wp:term":[{"taxonomy":"product_brand","embeddable":true,"href":"https:\/\/myygimeistrid.ee\/ru\/wp-json\/wp\/v2\/product_brand?post=669"},{"taxonomy":"product_cat","embeddable":true,"href":"https:\/\/myygimeistrid.ee\/ru\/wp-json\/wp\/v2\/product_cat?post=669"},{"taxonomy":"product_tag","embeddable":true,"href":"https:\/\/myygimeistrid.ee\/ru\/wp-json\/wp\/v2\/product_tag?post=669"}],"curies":[{"name":"wp","href":"https:\/\/api.w.org\/{rel}","templated":true}]}}