{"id":659,"date":"2026-02-12T10:33:55","date_gmt":"2026-02-12T10:33:55","guid":{"rendered":"https:\/\/myygimeistrid.ee\/?post_type=product&#038;p=659"},"modified":"2026-03-08T20:51:52","modified_gmt":"2026-03-08T20:51:52","slug":"lahe-litter-8-lasku","status":"publish","type":"product","link":"https:\/\/myygimeistrid.ee\/ru\/product\/lahe-litter-8-lasku\/","title":{"rendered":"\u041a\u0440\u0443\u0442\u043e\u0439 \u043c\u0443\u0441\u043e\u0440 8 \u043a\u0430\u0434\u0440\u043e\u0432"},"content":{"rendered":"<p>\u0420\u0410\u0417\u041c\u0415\u0420\u042b \u0418\u0417\u0414\u0415\u041b\u0418\u042f:<br \/>\n\u0412\u044b\u0441\u043e\u0442\u0430: 18 \u0441\u043c<br \/>\n\u0413\u043b\u0443\u0431\u0438\u043d\u0430: 13 \u0441\u043c<br \/>\n\u041e\u043f\u0438\u0441\u0430\u043d\u0438\u0435:<br \/>\nN\u00e4pud p\u00fcsti, kes m\u00e4letab papsi \u00f5htupimeduses virvendava teleriekraani ees keppidega vehkivatele uiskudel meestele h\u00e4\u00e4lekalt kaasa elamas! Hoki on karmide meeste m\u00e4ng, aga seda on t\u00f5epoolest paganama p\u00f5nev j\u00e4lgida. Peaaegu sama p\u00f5nev kui ilutulestikku \u201cLahe Litter\u201d, mis \u00fclimalt soodsa hinna eest tulistab 35 meetri k\u00f5rgusele kaheksa suurt ja efektset j\u00e4\u00e4lille.<\/p>\n<p>Kestus 20 sek<\/p>\n<p>\u0412\u044b\u0441\u043e\u0442\u0430 35 \u043c\u0435\u0442\u0440\u043e\u0432<\/p>","protected":false},"excerpt":{"rendered":"<p>\u0420\u0410\u0417\u041c\u0415\u0420\u042b \u0418\u0417\u0414\u0415\u041b\u0418\u042f:<br \/>\n\u0412\u044b\u0441\u043e\u0442\u0430: 18 \u0441\u043c<br \/>\n\u0413\u043b\u0443\u0431\u0438\u043d\u0430: 13 \u0441\u043c<br \/>\n\u041e\u043f\u0438\u0441\u0430\u043d\u0438\u0435:<br \/>\nN\u00e4pud p\u00fcsti, kes m\u00e4letab papsi \u00f5htupimeduses virvendava teleriekraani ees keppidega vehkivatele uiskudel meestele h\u00e4\u00e4lekalt kaasa elamas! Hoki on karmide meeste m\u00e4ng, aga seda on t\u00f5epoolest paganama p\u00f5nev j\u00e4lgida. Peaaegu sama p\u00f5nev kui ilutulestikku \u201cLahe Litter\u201d, mis \u00fclimalt soodsa hinna eest tulistab 35 meetri k\u00f5rgusele kaheksa suurt ja efektset j\u00e4\u00e4lille.<\/p>\n<p>Kestus 20 sek<\/p>\n<p>\u0412\u044b\u0441\u043e\u0442\u0430 35 \u043c\u0435\u0442\u0440\u043e\u0432<\/p>","protected":false},"featured_media":660,"comment_status":"open","ping_status":"closed","template":"","meta":{"_monsterinsights_skip_tracking":false,"_monsterinsights_sitenote_active":false,"_monsterinsights_sitenote_note":"","_monsterinsights_sitenote_category":0},"product_brand":[],"product_cat":[39],"product_tag":[],"class_list":{"0":"post-659","1":"product","2":"type-product","3":"status-publish","4":"has-post-thumbnail","6":"product_cat-patareid-100e","7":"rsfv-has-video","9":"first","10":"instock","11":"shipping-taxable","12":"purchasable","13":"product-type-simple"},"aioseo_notices":[],"_links":{"self":[{"href":"https:\/\/myygimeistrid.ee\/ru\/wp-json\/wp\/v2\/product\/659","targetHints":{"allow":["GET"]}}],"collection":[{"href":"https:\/\/myygimeistrid.ee\/ru\/wp-json\/wp\/v2\/product"}],"about":[{"href":"https:\/\/myygimeistrid.ee\/ru\/wp-json\/wp\/v2\/types\/product"}],"replies":[{"embeddable":true,"href":"https:\/\/myygimeistrid.ee\/ru\/wp-json\/wp\/v2\/comments?post=659"}],"version-history":[{"count":0,"href":"https:\/\/myygimeistrid.ee\/ru\/wp-json\/wp\/v2\/product\/659\/revisions"}],"wp:featuredmedia":[{"embeddable":true,"href":"https:\/\/myygimeistrid.ee\/ru\/wp-json\/wp\/v2\/media\/660"}],"wp:attachment":[{"href":"https:\/\/myygimeistrid.ee\/ru\/wp-json\/wp\/v2\/media?parent=659"}],"wp:term":[{"taxonomy":"product_brand","embeddable":true,"href":"https:\/\/myygimeistrid.ee\/ru\/wp-json\/wp\/v2\/product_brand?post=659"},{"taxonomy":"product_cat","embeddable":true,"href":"https:\/\/myygimeistrid.ee\/ru\/wp-json\/wp\/v2\/product_cat?post=659"},{"taxonomy":"product_tag","embeddable":true,"href":"https:\/\/myygimeistrid.ee\/ru\/wp-json\/wp\/v2\/product_tag?post=659"}],"curies":[{"name":"wp","href":"https:\/\/api.w.org\/{rel}","templated":true}]}}