{"id":484,"date":"2026-01-22T14:10:37","date_gmt":"2026-01-22T14:10:37","guid":{"rendered":"https:\/\/myygimeistrid.ee\/?post_type=product&#038;p=484"},"modified":"2026-01-22T14:10:37","modified_gmt":"2026-01-22T14:10:37","slug":"tordivulkaanid","status":"publish","type":"product","link":"https:\/\/myygimeistrid.ee\/ru\/product\/tordivulkaanid\/","title":{"rendered":"\u0412\u0423\u041b\u041a\u0410\u041d\u042b-\u0422\u041e\u0420\u0422\u042b"},"content":{"rendered":"<div class=\"tooteinfo-header mgt-25\">\u041e\u043f\u0438\u0441\u0430\u043d\u0438\u0435:<\/div>\n<div>\n<p>Purskavad s\u00e4demeid kuni 50cm k\u00f5rgusele.<br \/>\nKomplektis 3 vulkaani.<br \/>\nP\u00f5lemisaeg kuni 60 sekundit.<br \/>\nT\u00f5eliselt kaunis ja meeldej\u00e4\u00e4v.<\/p>\n<\/div>","protected":false},"excerpt":{"rendered":"<div class=\"tooteinfo-header mgt-25\">\u041e\u043f\u0438\u0441\u0430\u043d\u0438\u0435:<\/div>\n<div>\n<p>Purskavad s\u00e4demeid kuni 50cm k\u00f5rgusele.<br \/>\nKomplektis 3 vulkaani.<br \/>\nP\u00f5lemisaeg kuni 60 sekundit.<br \/>\nT\u00f5eliselt kaunis ja meeldej\u00e4\u00e4v.<\/p>\n<\/div>","protected":false},"featured_media":485,"comment_status":"open","ping_status":"closed","template":"","meta":{"_monsterinsights_skip_tracking":false,"_monsterinsights_sitenote_active":false,"_monsterinsights_sitenote_note":"","_monsterinsights_sitenote_category":0},"product_brand":[],"product_cat":[38],"product_tag":[],"class_list":{"0":"post-484","1":"product","2":"type-product","3":"status-publish","4":"has-post-thumbnail","6":"product_cat-vaikne-ilutulestik","8":"first","9":"instock","10":"shipping-taxable","11":"purchasable","12":"product-type-simple"},"aioseo_notices":[],"_links":{"self":[{"href":"https:\/\/myygimeistrid.ee\/ru\/wp-json\/wp\/v2\/product\/484","targetHints":{"allow":["GET"]}}],"collection":[{"href":"https:\/\/myygimeistrid.ee\/ru\/wp-json\/wp\/v2\/product"}],"about":[{"href":"https:\/\/myygimeistrid.ee\/ru\/wp-json\/wp\/v2\/types\/product"}],"replies":[{"embeddable":true,"href":"https:\/\/myygimeistrid.ee\/ru\/wp-json\/wp\/v2\/comments?post=484"}],"version-history":[{"count":0,"href":"https:\/\/myygimeistrid.ee\/ru\/wp-json\/wp\/v2\/product\/484\/revisions"}],"wp:featuredmedia":[{"embeddable":true,"href":"https:\/\/myygimeistrid.ee\/ru\/wp-json\/wp\/v2\/media\/485"}],"wp:attachment":[{"href":"https:\/\/myygimeistrid.ee\/ru\/wp-json\/wp\/v2\/media?parent=484"}],"wp:term":[{"taxonomy":"product_brand","embeddable":true,"href":"https:\/\/myygimeistrid.ee\/ru\/wp-json\/wp\/v2\/product_brand?post=484"},{"taxonomy":"product_cat","embeddable":true,"href":"https:\/\/myygimeistrid.ee\/ru\/wp-json\/wp\/v2\/product_cat?post=484"},{"taxonomy":"product_tag","embeddable":true,"href":"https:\/\/myygimeistrid.ee\/ru\/wp-json\/wp\/v2\/product_tag?post=484"}],"curies":[{"name":"wp","href":"https:\/\/api.w.org\/{rel}","templated":true}]}}