{"id":464,"date":"2026-01-22T14:01:05","date_gmt":"2026-01-22T14:01:05","guid":{"rendered":"https:\/\/myygimeistrid.ee\/?post_type=product&#038;p=464"},"modified":"2026-01-22T14:01:12","modified_gmt":"2026-01-22T14:01:12","slug":"suur-vulkaan","status":"publish","type":"product","link":"https:\/\/myygimeistrid.ee\/ru\/product\/suur-vulkaan\/","title":{"rendered":"\u0411\u041e\u041b\u042c\u0428\u041e\u0419 \u0412\u0423\u041b\u041a\u0410\u041d"},"content":{"rendered":"<div class=\"tooteinfo-header mgt-25\">\u041e\u043f\u0438\u0441\u0430\u043d\u0438\u0435:<\/div>\n<div>\n<p>Mitme erineva efektiga suur vulkaan. Algab vilkuvate kuldsete t\u00e4htetega ja finaal kulmineerub kuni 7m k\u00f5rgusele laia v\u00e4rvilise praginaga.<\/p>\n<p>Kestus 1 minut<\/p>\n<\/div>","protected":false},"excerpt":{"rendered":"<div class=\"tooteinfo-header mgt-25\">\u041e\u043f\u0438\u0441\u0430\u043d\u0438\u0435:<\/div>\n<div>\n<p>Mitme erineva efektiga suur vulkaan. Algab vilkuvate kuldsete t\u00e4htetega ja finaal kulmineerub kuni 7m k\u00f5rgusele laia v\u00e4rvilise praginaga.<\/p>\n<p>Kestus 1 minut<\/p>\n<\/div>","protected":false},"featured_media":465,"comment_status":"open","ping_status":"closed","template":"","meta":{"_monsterinsights_skip_tracking":false,"_monsterinsights_sitenote_active":false,"_monsterinsights_sitenote_note":"","_monsterinsights_sitenote_category":0},"product_brand":[],"product_cat":[38],"product_tag":[],"class_list":{"0":"post-464","1":"product","2":"type-product","3":"status-publish","4":"has-post-thumbnail","6":"product_cat-vaikne-ilutulestik","8":"first","9":"instock","10":"shipping-taxable","11":"purchasable","12":"product-type-simple"},"aioseo_notices":[],"_links":{"self":[{"href":"https:\/\/myygimeistrid.ee\/ru\/wp-json\/wp\/v2\/product\/464","targetHints":{"allow":["GET"]}}],"collection":[{"href":"https:\/\/myygimeistrid.ee\/ru\/wp-json\/wp\/v2\/product"}],"about":[{"href":"https:\/\/myygimeistrid.ee\/ru\/wp-json\/wp\/v2\/types\/product"}],"replies":[{"embeddable":true,"href":"https:\/\/myygimeistrid.ee\/ru\/wp-json\/wp\/v2\/comments?post=464"}],"version-history":[{"count":0,"href":"https:\/\/myygimeistrid.ee\/ru\/wp-json\/wp\/v2\/product\/464\/revisions"}],"wp:featuredmedia":[{"embeddable":true,"href":"https:\/\/myygimeistrid.ee\/ru\/wp-json\/wp\/v2\/media\/465"}],"wp:attachment":[{"href":"https:\/\/myygimeistrid.ee\/ru\/wp-json\/wp\/v2\/media?parent=464"}],"wp:term":[{"taxonomy":"product_brand","embeddable":true,"href":"https:\/\/myygimeistrid.ee\/ru\/wp-json\/wp\/v2\/product_brand?post=464"},{"taxonomy":"product_cat","embeddable":true,"href":"https:\/\/myygimeistrid.ee\/ru\/wp-json\/wp\/v2\/product_cat?post=464"},{"taxonomy":"product_tag","embeddable":true,"href":"https:\/\/myygimeistrid.ee\/ru\/wp-json\/wp\/v2\/product_tag?post=464"}],"curies":[{"name":"wp","href":"https:\/\/api.w.org\/{rel}","templated":true}]}}