{"id":431,"date":"2026-01-21T14:58:07","date_gmt":"2026-01-21T14:58:07","guid":{"rendered":"https:\/\/myygimeistrid.ee\/?post_type=product&#038;p=431"},"modified":"2026-01-21T15:00:23","modified_gmt":"2026-01-21T15:00:23","slug":"age-purotehnika-komplekt-rakettidega","status":"publish","type":"product","link":"https:\/\/myygimeistrid.ee\/ru\/product\/age-purotehnika-komplekt-rakettidega\/","title":{"rendered":"\u041f\u041e\u0422\u0420\u042f\u0421\u0410\u042e\u0429\u0418\u0419 \u041f\u0418\u0420\u041e\u0422\u0415\u0425\u041d\u0418\u0427\u0415\u0421\u041a\u0418\u0419 \u041d\u0410\u0411\u041e\u0420 \u0421 \u0420\u0410\u041a\u0415\u0422\u0410\u041c\u0418"},"content":{"rendered":"<p>Nagu nimigi \u00fctleb, on tegu \u00fche igavesti vahva ja mitmek\u00fclgse ilutulestiku komplektiga. See sisaldab nii suuri kui v\u00e4ikeseid pulgaga rakette ning \u00fcht-teist p\u00f5nevat veel. Nii saab teinekord kohe suurema kambaga midagi t\u00f5eliselt \u00e4gedat teha.<\/p>","protected":false},"excerpt":{"rendered":"<p>Nagu nimigi \u00fctleb, on tegu \u00fche igavesti vahva ja mitmek\u00fclgse ilutulestiku komplektiga. See sisaldab nii suuri kui v\u00e4ikeseid pulgaga rakette ning \u00fcht-teist p\u00f5nevat veel. Nii saab teinekord kohe suurema kambaga midagi t\u00f5eliselt \u00e4gedat teha.<\/p>","protected":false},"featured_media":432,"comment_status":"open","ping_status":"closed","template":"","meta":{"_monsterinsights_skip_tracking":false,"_monsterinsights_sitenote_active":false,"_monsterinsights_sitenote_note":"","_monsterinsights_sitenote_category":0},"product_brand":[],"product_cat":[37],"product_tag":[],"class_list":{"0":"post-431","1":"product","2":"type-product","3":"status-publish","4":"has-post-thumbnail","6":"product_cat-raketid","8":"first","9":"instock","10":"shipping-taxable","11":"purchasable","12":"product-type-simple"},"aioseo_notices":[],"_links":{"self":[{"href":"https:\/\/myygimeistrid.ee\/ru\/wp-json\/wp\/v2\/product\/431","targetHints":{"allow":["GET"]}}],"collection":[{"href":"https:\/\/myygimeistrid.ee\/ru\/wp-json\/wp\/v2\/product"}],"about":[{"href":"https:\/\/myygimeistrid.ee\/ru\/wp-json\/wp\/v2\/types\/product"}],"replies":[{"embeddable":true,"href":"https:\/\/myygimeistrid.ee\/ru\/wp-json\/wp\/v2\/comments?post=431"}],"version-history":[{"count":0,"href":"https:\/\/myygimeistrid.ee\/ru\/wp-json\/wp\/v2\/product\/431\/revisions"}],"wp:featuredmedia":[{"embeddable":true,"href":"https:\/\/myygimeistrid.ee\/ru\/wp-json\/wp\/v2\/media\/432"}],"wp:attachment":[{"href":"https:\/\/myygimeistrid.ee\/ru\/wp-json\/wp\/v2\/media?parent=431"}],"wp:term":[{"taxonomy":"product_brand","embeddable":true,"href":"https:\/\/myygimeistrid.ee\/ru\/wp-json\/wp\/v2\/product_brand?post=431"},{"taxonomy":"product_cat","embeddable":true,"href":"https:\/\/myygimeistrid.ee\/ru\/wp-json\/wp\/v2\/product_cat?post=431"},{"taxonomy":"product_tag","embeddable":true,"href":"https:\/\/myygimeistrid.ee\/ru\/wp-json\/wp\/v2\/product_tag?post=431"}],"curies":[{"name":"wp","href":"https:\/\/api.w.org\/{rel}","templated":true}]}}